{"id":1140,"date":"2022-07-22T08:14:29","date_gmt":"2022-07-22T08:14:29","guid":{"rendered":"https:\/\/www.archaeometrie.de\/?page_id=1140"},"modified":"2025-01-06T15:07:15","modified_gmt":"2025-01-06T15:07:15","slug":"home","status":"publish","type":"page","link":"https:\/\/www.archaeometrie.de\/gb\/home\/","title":{"rendered":"home"},"content":{"rendered":"<p><img loading=\"lazy\" decoding=\"async\" class=\"aligncenter size-full wp-image-385\" src=\"https:\/\/www.archaeometrie.de\/wp-content\/uploads\/2020\/07\/headerimage.jpg\" alt=\"\" width=\"1024\" height=\"188\" srcset=\"https:\/\/www.archaeometrie.de\/wp-content\/uploads\/2020\/07\/headerimage.jpg 1024w, https:\/\/www.archaeometrie.de\/wp-content\/uploads\/2020\/07\/headerimage-300x55.jpg 300w, https:\/\/www.archaeometrie.de\/wp-content\/uploads\/2020\/07\/headerimage-768x141.jpg 768w, https:\/\/www.archaeometrie.de\/wp-content\/uploads\/2020\/07\/headerimage-600x110.jpg 600w\" sizes=\"auto, (max-width: 1024px) 100vw, 1024px\" \/><\/p>\n<p style=\"font-weight: 400;\">Wir richten f\u00fcr unsere Fachcommunity und interessierte Wissenschaftler\/innen aus den beteiligten natur- und kulturhistorischen Disziplinen Konferenzen zum Zwecke des Wissensaustausches, der Vernetzung und der Verst\u00e4rkung der nationalen und europ\u00e4ischen Sichtbarkeit aus Damit f\u00f6rdern wir nicht nur den wissenschaftlichen Austausch sondern auch die Zusammenarbeit von Institutionen vergleichbarer Zielsetzung. Die Konferenzen sind au\u00dferdem wichtiger Bestandteil unserer sachbezogenen \u00d6ffentlichkeitsarbeit. Wir sind Mitherausgeber zweier Fachzeitschriften und einer Tagungsschrift. Durch unsere Unterst\u00fctzung des Konsortiums \u201eResearch Infrastructure for the Material Remains of Human History\u201c (NFDI4Objects) wirken wir aktiv am Aufbau der nationalen Forschungsdateninfrastruktur (NFDI) mit.<\/p>\n<p style=\"font-weight: 400;\">Wir bieten eine Anlaufstelle f\u00fcr Studierende und Nachwuchswissenschaftler\/innen der Arch\u00e4ometrie mit ihren besonderen Bed\u00fcrfnissen und prek\u00e4ren Situationen in der Wissenschaftslandschaft. Stellenangebote, die auf arch\u00e4ometrisch ausgebildete Wissenschaftler\/innen passen, werden von uns regelm\u00e4\u00dfig recherchiert und hier ver\u00f6ffentlicht.<\/p>\n<p style=\"font-weight: 400;\">Alle, und insbesondere Studierende, die sich einer modernen, naturwissenschaftlichen Arch\u00e4ologie \/ Arch\u00e4ometrie zugewandt f\u00fchlen, sind zur Mitgliedschaft eingeladen.<\/p>\n<p><strong>St\u00e4rkung der Sichtbarkeit von Frauen in der Arch\u00e4ometrie:<\/strong><\/p>\n<p>Die Gesellschaft GNAA hat 2023 die Initiative ergriffen, zu einer besseren Sichtbarkeit von Wissenschaftlerinnen in der Arch\u00e4ometrie beizutragen, die durch ihr Schaffen wesentlich zum Fortschritt der Disziplin beigetragen haben. Ausgehend von dem von der Gesellschaft vertretenen Forschungsgegenstand konzentrieren wir uns weltweit auf Frauen in der Arch\u00e4ometrie, einem florierenden interdisziplin\u00e4ren Bereich zwischen den Naturwissenschaften und der Arch\u00e4ologie.<\/p>\n<p>Ein von der GNAA verfasster erster Artikel zu Frauen in der Arch\u00e4ometrie wurde als Biographie von Zofia Stos-Gale auf Wikipedia gestellt. Zofia Stos-Gale hat einen ma\u00dfgeblichen Beitrag zur Anwendung von Bleiisotopen und chemischen Analysen in der Arch\u00e4ometrie und einer erstmals im Web zug\u00e4nglichen Bleiisotopen-Referenzdatenbank (OXALID) geleistet. Zun\u00e4chst erfolgte die Ver\u00f6ffentlichung auf den deutschen Wikipedia-Seiten, die Ver\u00f6ffentlichung auf den englischen Seiten steht derzeit noch aus, da es sich um ein aufw\u00e4ndiges Pr\u00fcfverfahren handelt.<\/p>\n<p>Die deutsche Seite finden Sie hier: <a href=\"https:\/\/de.wikipedia.org\/wiki\/Zofia_Anna_Stos-Gale\" target=\"_blank\" rel=\"noopener\">https:\/\/de.wikipedia.org\/wiki\/Zofia_Anna_Stos-Gale<\/a><\/p>\n<p>Wikipedia-Eintr\u00e4ge zu Biografien auch lebender Personen erfordern jedoch ma\u00dfgeblich die Angabe von Sekund\u00e4rquellen. Dies trifft auf ein strukturelles Problem: Abgesehen von der sehr jungen und begr\u00fc\u00dfenswerten Entwicklung der Frauenf\u00f6rderung in den Naturwissenschaften gab es in den Generationen zuvor kaum Ma\u00dfnahmen zur F\u00f6rderung von Frauen. Die Folge ist, dass ihre Sichtbarkeit bis heute verborgen bleibt. Hier sind andere Ma\u00dfst\u00e4be anzulegen als bei m\u00e4nnlichen Wissenschaftlern. Es gab lange Zeit keine ma\u00dfgeblichen Aufstiegsm\u00f6glichkeiten, keine Professuren und vor allem keinerlei \u00f6ffentliche Aufmerksamkeit oder Auszeichnungen f\u00fcr die Leistungen von Frauen in den Wissenschaften. Viele Frauen blieben im Schatten ihrer m\u00e4nnlichen Kollegen, welche ihrerseits die Fr\u00fcchte des Erfolges ernteten. Diese Tatsache trifft nahezu alle Wissenschaftlerinnen der vorangehenden Generationen hart. Daher ist es auch fast unm\u00f6glich, gen\u00fcgend Sekund\u00e4rquellen f\u00fcr Frauenbiographien zu finden. Dieses strukturelle Problem sollte von Wikipedia im Zusammenhang mit Biographien von Wissenschaftlerinnen gesehen und bewusst bearbeitet werden. Darauf wurde von unserer Seite aus auf den Editor-Seiten von Wikipedia hingewiesen.<\/p>\n<p>Wikipedia-Eintr\u00e4ge und andere Wege, \u00fcber die wissenschaftlichen Leistungen von Wissenschaftlerinnen an die \u00d6ffentlichkeit zu gehen, sind daher um so wichtiger. Als wissenschaftliche Gesellschaft m\u00f6chten wir daher zu einem besseren Gleichgewicht zwischen weiblichen und m\u00e4nnlichen Wissenschaftler\/innen beitragen.<\/p>\n<p>Sabine Klein, Oktober 2023<\/p>\n<p><a href=\"https:\/\/www.archaeometrie.de\/\">zur\u00fcck<\/a><\/p>\n","protected":false},"excerpt":{"rendered":"<p>Wir richten f\u00fcr unsere Fachcommunity und interessierte Wissenschaftler\/innen aus den beteiligten natur- und kulturhistorischen Disziplinen Konferenzen zum Zwecke des Wissensaustausches, der Vernetzung und der Verst\u00e4rkung der nationalen und europ\u00e4ischen Sichtbarkeit aus Damit f\u00f6rdern wir nicht nur den wissenschaftlichen Austausch sondern auch die Zusammenarbeit von Institutionen vergleichbarer Zielsetzung. Die Konferenzen sind au\u00dferdem wichtiger Bestandteil unserer sachbezogenen [&hellip;]<\/p>\n","protected":false},"author":1,"featured_media":0,"parent":0,"menu_order":0,"comment_status":"closed","ping_status":"closed","template":"","meta":{"footnotes":""},"class_list":["post-1140","page","type-page","status-publish","hentry"],"translation":{"provider":"WPGlobus","version":"3.0.2","language":"gb","enabled_languages":["de","gb"],"languages":{"de":{"title":true,"content":true,"excerpt":false},"gb":{"title":false,"content":false,"excerpt":false}}},"_links":{"self":[{"href":"https:\/\/www.archaeometrie.de\/gb\/wp-json\/wp\/v2\/pages\/1140","targetHints":{"allow":["GET"]}}],"collection":[{"href":"https:\/\/www.archaeometrie.de\/gb\/wp-json\/wp\/v2\/pages"}],"about":[{"href":"https:\/\/www.archaeometrie.de\/gb\/wp-json\/wp\/v2\/types\/page"}],"author":[{"embeddable":true,"href":"https:\/\/www.archaeometrie.de\/gb\/wp-json\/wp\/v2\/users\/1"}],"replies":[{"embeddable":true,"href":"https:\/\/www.archaeometrie.de\/gb\/wp-json\/wp\/v2\/comments?post=1140"}],"version-history":[{"count":8,"href":"https:\/\/www.archaeometrie.de\/gb\/wp-json\/wp\/v2\/pages\/1140\/revisions"}],"predecessor-version":[{"id":1425,"href":"https:\/\/www.archaeometrie.de\/gb\/wp-json\/wp\/v2\/pages\/1140\/revisions\/1425"}],"wp:attachment":[{"href":"https:\/\/www.archaeometrie.de\/gb\/wp-json\/wp\/v2\/media?parent=1140"}],"curies":[{"name":"wp","href":"https:\/\/api.w.org\/{rel}","templated":true}]}}