{"id":1148,"date":"2022-07-22T08:25:11","date_gmt":"2022-07-22T08:25:11","guid":{"rendered":"https:\/\/www.archaeometrie.de\/?page_id=1148"},"modified":"2025-01-06T15:02:13","modified_gmt":"2025-01-06T15:02:13","slug":"mentoring-karrierecoaching","status":"publish","type":"page","link":"https:\/\/www.archaeometrie.de\/gb\/mentoring-karrierecoaching\/","title":{"rendered":"MENTORING &#038; KARRIERECOACHING"},"content":{"rendered":"<p><img loading=\"lazy\" decoding=\"async\" class=\"aligncenter size-full wp-image-385\" src=\"https:\/\/www.archaeometrie.de\/wp-content\/uploads\/2020\/07\/headerimage.jpg\" alt=\"\" width=\"1024\" height=\"188\" srcset=\"https:\/\/www.archaeometrie.de\/wp-content\/uploads\/2020\/07\/headerimage.jpg 1024w, https:\/\/www.archaeometrie.de\/wp-content\/uploads\/2020\/07\/headerimage-300x55.jpg 300w, https:\/\/www.archaeometrie.de\/wp-content\/uploads\/2020\/07\/headerimage-768x141.jpg 768w, https:\/\/www.archaeometrie.de\/wp-content\/uploads\/2020\/07\/headerimage-600x110.jpg 600w\" sizes=\"auto, (max-width: 1024px) 100vw, 1024px\" \/><\/p>\n<hr \/>\n<p style=\"font-weight: 400;\">Wir bieten Coaching in Karrierefragen und beraten unsere Mitglieder bei der Suche nach F\u00f6rderm\u00f6glichkeiten, in Berufungsangelegenheiten, beim Aufbau von Arbeitsgruppen, bei F\u00f6rderantr\u00e4gen u.v.a.m. Daf\u00fcr k\u00f6nnen wir auf einen Pool aus erfahrenen Senior Scientists und Wissenschaftscoaches zur\u00fcckgreifen.<\/p>\n","protected":false},"excerpt":{"rendered":"<p>Wir bieten Coaching in Karrierefragen und beraten unsere Mitglieder bei der Suche nach F\u00f6rderm\u00f6glichkeiten, in Berufungsangelegenheiten, beim Aufbau von Arbeitsgruppen, bei F\u00f6rderantr\u00e4gen u.v.a.m. Daf\u00fcr k\u00f6nnen wir auf einen Pool aus erfahrenen Senior Scientists und Wissenschaftscoaches zur\u00fcckgreifen.<\/p>\n","protected":false},"author":1,"featured_media":0,"parent":0,"menu_order":0,"comment_status":"closed","ping_status":"closed","template":"","meta":{"footnotes":""},"class_list":["post-1148","page","type-page","status-publish","hentry"],"translation":{"provider":"WPGlobus","version":"3.0.2","language":"gb","enabled_languages":["de","gb"],"languages":{"de":{"title":true,"content":true,"excerpt":false},"gb":{"title":false,"content":false,"excerpt":false}}},"_links":{"self":[{"href":"https:\/\/www.archaeometrie.de\/gb\/wp-json\/wp\/v2\/pages\/1148","targetHints":{"allow":["GET"]}}],"collection":[{"href":"https:\/\/www.archaeometrie.de\/gb\/wp-json\/wp\/v2\/pages"}],"about":[{"href":"https:\/\/www.archaeometrie.de\/gb\/wp-json\/wp\/v2\/types\/page"}],"author":[{"embeddable":true,"href":"https:\/\/www.archaeometrie.de\/gb\/wp-json\/wp\/v2\/users\/1"}],"replies":[{"embeddable":true,"href":"https:\/\/www.archaeometrie.de\/gb\/wp-json\/wp\/v2\/comments?post=1148"}],"version-history":[{"count":3,"href":"https:\/\/www.archaeometrie.de\/gb\/wp-json\/wp\/v2\/pages\/1148\/revisions"}],"predecessor-version":[{"id":1417,"href":"https:\/\/www.archaeometrie.de\/gb\/wp-json\/wp\/v2\/pages\/1148\/revisions\/1417"}],"wp:attachment":[{"href":"https:\/\/www.archaeometrie.de\/gb\/wp-json\/wp\/v2\/media?parent=1148"}],"curies":[{"name":"wp","href":"https:\/\/api.w.org\/{rel}","templated":true}]}}