{"id":1326,"date":"2024-08-19T08:07:47","date_gmt":"2024-08-19T08:07:47","guid":{"rendered":"https:\/\/www.archaeometrie.de\/?page_id=1326"},"modified":"2025-01-06T15:01:34","modified_gmt":"2025-01-06T15:01:34","slug":"gnaa-wissenschaftspreis","status":"publish","type":"page","link":"https:\/\/www.archaeometrie.de\/gb\/gnaa-wissenschaftspreis\/","title":{"rendered":"GNAA-Wissenschaftspreis"},"content":{"rendered":"<h3><img loading=\"lazy\" decoding=\"async\" class=\"aligncenter size-full wp-image-385\" src=\"https:\/\/www.archaeometrie.de\/wp-content\/uploads\/2020\/07\/headerimage.jpg\" alt=\"\" width=\"1024\" height=\"188\" srcset=\"https:\/\/www.archaeometrie.de\/wp-content\/uploads\/2020\/07\/headerimage.jpg 1024w, https:\/\/www.archaeometrie.de\/wp-content\/uploads\/2020\/07\/headerimage-300x55.jpg 300w, https:\/\/www.archaeometrie.de\/wp-content\/uploads\/2020\/07\/headerimage-768x141.jpg 768w, https:\/\/www.archaeometrie.de\/wp-content\/uploads\/2020\/07\/headerimage-600x110.jpg 600w\" sizes=\"auto, (max-width: 1024px) 100vw, 1024px\" \/><\/h3>\n<h3>Aufruf zur Nominierung f\u00fcr den GNAA Wissenschaftspreis 2025<\/h3>\n<p>Bis zum 31.10.2024 k\u00f6nnen Sie eine Nominierung f\u00fcr den <b>GNAA Wissenschaftspreis<\/b> einreichen.\u00a0Die Auszeichnung steht allen Karrierestufen offen. Aktive Mitglieder des Vorstands k\u00f6nnen nicht vorgeschlagen werden; Befangenheit ist auszuschlie\u00dfen.<\/p>\n<p>Vorschlagende k\u00f6nnen ihre Nominierung per Email bei der Vorsitzenden (<a href=\"mailto:Vorsitzender@archaeometrie.de\">Vorsitzender@archaeometrie.de<\/a>) und dem Schriftf\u00fchrer (<a href=\"mailto:schriftfuehrer@archaeometrie.de\">schriftfuehrer@archaeometrie.de<\/a>) der GNAA einreichen. Der Vorstand bittet um eine Begr\u00fcndung f\u00fcr den Vorschlag (max. 2 Seiten).<\/p>\n<p>Weitere Details zum GNAA-Wissenschaftspreis zur Vergabe und dessen Modalit\u00e4ten finden Sie im folgenden Text:<\/p>\n<h3>Vergabe des GNAA Wissenschaftspreises<\/h3>\n<p>Gem\u00e4\u00df Beschluss der Mitgliedersammlung vom 15.04.2024 vergibt die Gesellschaft f\u00fcr Naturwissenschaftliche Arch\u00e4ologie ARCHAEOMTRIE e.V. (GNAA) alle zwei Jahre den \u201eGNAA Wissenschaftspreis\u201c zur F\u00f6rderung der Forschung in der Arch\u00e4ometrie. Der Preis w\u00fcrdigt herausragende Leistungen in der naturwissenschaftlichen Arch\u00e4ologie und Arch\u00e4ometrie. Das Augenmerk liegt auf Erkenntnissen, die mit naturwissenschaftlichen Methoden gewonnenen wurden und die Verbindung von Methodik, Theorie und Praxis der Materialit\u00e4t von Kulturgut beschreiben, welche die Menschheitsentwicklung mittels Wechselwirkung von ideeller und materieller Kultur illustrieren.<\/p>\n<h3>Modalit\u00e4ten<\/h3>\n<p>Die Preistr\u00e4ger*innen sollen der Auszeichnung gerecht werden, indem sie zum Erkl\u00e4ren, Verstehen und Bewahren von Artefakten unterschiedlicher Epochen, Materialien, Produktionsarten und Stilmitteln beitragen. Die Auszeichnung erfolgt auf Vorschlag aus den Reihen der Mitglieder der GNAA. Eine Selbstbewerbung ist ausgeschlossen. Aktive Mitglieder des Vorstands k\u00f6nnen nicht vorgeschlagen werden. \u00dcber die Vergabe entscheidet der Vorstand unter Beratung durch geeignete Fachvertreter*innen aus dem GNAA-Mitgliederkreis. Befangenheiten sind auszuschlie\u00dfen. Die Auszeichnung steht allen Karrierestufen offen. Der Preis ist mit 300 \u20ac dotiert und wird anl\u00e4sslich der gemeinsamen Jahrestagung \u201eArch\u00e4ometrie und Denkmalpflege\u201c der GNAA, des AK Arch\u00e4ometrie der GDCh und des AK Arch\u00e4ometrie und Denkmalpflege der DMG vergeben. Die Verwendung des Preisgeldes ist f\u00fcr die eigene Forschung bestimmt. Jeweils im September\/Oktober des Vorjahres der n\u00e4chsten Tagung wird auf der Webseite der GNAA (<a href=\"https:\/\/www.archaeometrie.de\/\">https:\/\/www.archaeometrie.de\/<\/a>) ein Aufruf gestartet und eine Frist f\u00fcr die Einreichung von Vorschl\u00e4gen genannt. Mitglieder der GNAA k\u00f6nnen die von ihnen ausgew\u00e4hlte Person mit einer Begr\u00fcndung per email beim Vorstand der GNAA nominieren. Vorschl\u00e4ge ohne Begr\u00fcndung werden nicht ber\u00fccksichtigt. Die Auszeichnung wird auf der jeweils dem Call folgenden Jahr stattfindenden \u201eArch\u00e4ometrie und Denkmalpflege\u201c-Tagung verliehen. Damit verbunden ist f\u00fcr die Preistragenden ein Keynote-Vortrag auf dieser Tagung zu ihren Forschungsaktivit\u00e4ten. Die GNAA \u00fcbernimmt hierf\u00fcr zus\u00e4tzlich die Tagungsgeb\u00fchr f\u00fcr die jeweilige Tagung.<\/p>\n<p>Kontaktadressen des Vorstandes: <a href=\"https:\/\/www.archaeometrie.de\/vorstand\/\">https:\/\/www.archaeometrie.de\/vorstand\/<\/a><\/p>\n<p>23. Juli 2024, der Vorstand der GNAA<\/p>\n","protected":false},"excerpt":{"rendered":"<p>Aufruf zur Nominierung f\u00fcr den GNAA Wissenschaftspreis 2025 Bis zum 31.10.2024 k\u00f6nnen Sie eine Nominierung f\u00fcr den GNAA Wissenschaftspreis einreichen.\u00a0Die Auszeichnung steht allen Karrierestufen offen. Aktive Mitglieder des Vorstands k\u00f6nnen nicht vorgeschlagen werden; Befangenheit ist auszuschlie\u00dfen. Vorschlagende k\u00f6nnen ihre Nominierung per Email bei der Vorsitzenden (Vorsitzender@archaeometrie.de) und dem Schriftf\u00fchrer (schriftfuehrer@archaeometrie.de) der GNAA einreichen. Der Vorstand [&hellip;]<\/p>\n","protected":false},"author":1,"featured_media":0,"parent":0,"menu_order":0,"comment_status":"closed","ping_status":"closed","template":"","meta":{"footnotes":""},"class_list":["post-1326","page","type-page","status-publish","hentry"],"translation":{"provider":"WPGlobus","version":"3.0.2","language":"gb","enabled_languages":["de","gb"],"languages":{"de":{"title":true,"content":true,"excerpt":false},"gb":{"title":false,"content":false,"excerpt":false}}},"_links":{"self":[{"href":"https:\/\/www.archaeometrie.de\/gb\/wp-json\/wp\/v2\/pages\/1326","targetHints":{"allow":["GET"]}}],"collection":[{"href":"https:\/\/www.archaeometrie.de\/gb\/wp-json\/wp\/v2\/pages"}],"about":[{"href":"https:\/\/www.archaeometrie.de\/gb\/wp-json\/wp\/v2\/types\/page"}],"author":[{"embeddable":true,"href":"https:\/\/www.archaeometrie.de\/gb\/wp-json\/wp\/v2\/users\/1"}],"replies":[{"embeddable":true,"href":"https:\/\/www.archaeometrie.de\/gb\/wp-json\/wp\/v2\/comments?post=1326"}],"version-history":[{"count":18,"href":"https:\/\/www.archaeometrie.de\/gb\/wp-json\/wp\/v2\/pages\/1326\/revisions"}],"predecessor-version":[{"id":1415,"href":"https:\/\/www.archaeometrie.de\/gb\/wp-json\/wp\/v2\/pages\/1326\/revisions\/1415"}],"wp:attachment":[{"href":"https:\/\/www.archaeometrie.de\/gb\/wp-json\/wp\/v2\/media?parent=1326"}],"curies":[{"name":"wp","href":"https:\/\/api.w.org\/{rel}","templated":true}]}}