{"id":2,"date":"2020-07-02T09:53:45","date_gmt":"2020-07-02T09:53:45","guid":{"rendered":"https:\/\/www.archaeometrie.de\/?page_id=2"},"modified":"2025-01-06T15:11:27","modified_gmt":"2025-01-06T15:11:27","slug":"sample-page","status":"publish","type":"page","link":"https:\/\/www.archaeometrie.de\/gb\/","title":{"rendered":"Willkommen"},"content":{"rendered":"\n\t<style type=\"text\/css\">\n\t\t#wptu-ticker-style-1 {border-color: #2096CD;}\n\t\t#wptu-ticker-style-1 .wptu-style-label {background-color: #2096CD;}\n\t\t#wptu-ticker-style-1 .wptu-style-label-title {color: #fff;}\n\t\t#wptu-ticker-style-1 .wptu-style-label > span {border-color: transparent transparent transparent #2096CD;}\n\t\t#wptu-ticker-style-1.wpos-direction-rtl .wptu-style-label > span {border-color: transparent #2096CD transparent transparent;}\n\t\t#wptu-ticker-style-1 .wptu-style-news a:hover {color: #2096CD;}\n\t\t#wptu-ticker-style-1 .wptu-style-news a {color: #000;}\n\t<\/style>\n\n\t<div class=\"wptu-ticker-wrp wptu-news-ticker wpos-news-ticker wptu-clearfix \" id=\"wptu-ticker-style-1\" data-conf=\"{&quot;effect&quot;:&quot;fade&quot;,&quot;fontstyle&quot;:&quot;normal&quot;,&quot;autoplay&quot;:&quot;true&quot;,&quot;timer&quot;:4000,&quot;border&quot;:1}\">\n\n\t\t\t\t\t<div class=\"wpos-label wptu-style-label\">\n\t\t\t\t<div class=\"wptu-style-label-title\">Latest News<\/div>\n\t\t\t\t<span><\/span>\n\t\t\t<\/div>\n\t\t\n\t\t<div class=\"wpos-controls wptu-style-controls\">\n\t\t\t<div class=\"wpos-icons wptu-arrows\">\n\t\t\t\t<span class=\"wpos-arrow wpos-prev\"><\/span>\n\t\t\t<\/div>\n\t\t\t<div class=\"wpos-icons wptu-arrows\">\n\t\t\t\t<span class=\"wpos-arrow wpos-next\"><\/span>\n\t\t\t<\/div>\n\t\t<\/div>\n\n\t\t<div class=\"wpos-news wptu-style-news\">\n\t\t\t<ul>\n\t\t\t\t\t\t\t\t\t<li>\n\t\t\t\t\t\t\t\t\t\t\t\t\t<a class=\"wptu-ticker-news wpos-ticker-news\" href=\"https:\/\/www.archaeometrie.de\/gnaa-wissenschaftspreis\/\" target=\"_self\">GNAA Wissenschaftspreis<\/a>\n\t\t\t\t\t\t\t\t\t\t\t<\/li>\n\t\t\t\t\t\t\t\t\t<li>\n\t\t\t\t\t\t\t\t\t\t\t\t\t<a class=\"wptu-ticker-news wpos-ticker-news\" href=\"https:\/\/emc-2024.org\" target=\"_self\">4th European Mineralogical Conference (EMC2024)<\/a>\n\t\t\t\t\t\t\t\t\t\t\t<\/li>\n\t\t\t\t\t\t\t\t\t<li>\n\t\t\t\t\t\t\t\t\t\t\t\t\t<a class=\"wptu-ticker-news wpos-ticker-news\" href=\"https:\/\/archaeometrie-tagung.de\" target=\"_self\">ARCH\u00c4OMETRIE UND DENKMALPFLEGE 2025<\/a>\n\t\t\t\t\t\t\t\t\t\t\t<\/li>\n\t\t\t\t\t\t\t<\/ul>\n\t\t<\/div>\n\t<\/div>\n\n\t\n<p><img loading=\"lazy\" decoding=\"async\" class=\"aligncenter wp-image-385 size-full\" src=\"https:\/\/www.archaeometrie.de\/wp-content\/uploads\/2020\/07\/headerimage.jpg\" alt=\"\" width=\"1024\" height=\"188\" srcset=\"https:\/\/www.archaeometrie.de\/wp-content\/uploads\/2020\/07\/headerimage.jpg 1024w, https:\/\/www.archaeometrie.de\/wp-content\/uploads\/2020\/07\/headerimage-300x55.jpg 300w, https:\/\/www.archaeometrie.de\/wp-content\/uploads\/2020\/07\/headerimage-768x141.jpg 768w, https:\/\/www.archaeometrie.de\/wp-content\/uploads\/2020\/07\/headerimage-600x110.jpg 600w\" sizes=\"auto, (max-width: 1024px) 100vw, 1024px\" \/><\/p>\n<hr \/>\n<p style=\"font-weight: 400;\"><strong>Was ist Arch\u00e4ometrie?<\/strong><\/p>\n<p style=\"font-weight: 400;\">Die Arch\u00e4ometrie umfasst die Entwicklung und den Einsatz naturwissenschaftlicher Methoden zur L\u00f6sung kulturhistorischer Fragestellungen. Dies erfordert die f\u00e4cher\u00fcbergreifende Mitwirkung der Biowissenschaften, Chemie, Geowissenschaften, Geographie und Physik von naturwissenschaftlicher Seite sowie der arch\u00e4ologischen Disziplinen, Kunstgeschichte, Denkmalpflege und Restaurierung von kulturhistorischer Seite. Die Arch\u00e4ometrie hat seit ihrer initialen Entstehung zu einer revolution\u00e4ren Umorientierung vor allem in den materialbasierten und landschaftsorientierten Kulturwissenschaften gef\u00fchrt. Kultur- und Ressourcenlandschaften sowie vom Menschen genutzte Materialien sind seither nicht nur mehr topographisch, typologisch oder metrisch beschreib- und interpretierbar, sondern lassen sich durch analytisch-empirische Belege und experimentelle Studien charakterisieren. Umgekehrt stellt die Arch\u00e4ometrie ihrerseits Fragen an Befunde und Funde, Kunst und Kultursch\u00e4tze.<\/p>\n<p style=\"font-weight: 400;\"><strong>Die Gesellschaft f\u00fcr Naturwissenschaftliche Arch\u00e4ologie\u00a0ARCHAEOMETRIE e.V. (GNAA)<\/p>\n<p><\/strong><\/p>\n<p style=\"font-weight: 400;\"><strong>Unsere Vision <\/strong><\/p>\n<p style=\"font-weight: 400;\">Wir vertreten die vielf\u00e4ltigen arch\u00e4ometrischen Wissenschaftsbereiche, indem wir transdisziplin\u00e4r arbeiten. Wir verfolgen eine ganzheitliche Erfassung der Menschheitsentwicklung, in der die Wechselwirkung von explizitem und impliziten Wissen entscheidend f\u00fcr das Entstehen materieller und ideeller Kultur ist. Die beteiligten F\u00e4cher aus Geistes- und Naturwissenschaften arbeiten als Expert:innenteams an gemeinsamen Themen und \u00fcberwinden dabei die unterschiedlichen Fachlogiken und Kommunikationsmittel. Wir, die GNAA sind ein Zusammenschluss von Forschenden, Studierenden und Lehrenden sowie von in der kulturellen Praxis T\u00e4tigen und stellen unser Expertenwissen zur Verf\u00fcgung. Wir sind treibende Kraft in der Positionierung einer modernen und zukunftsf\u00e4higen Naturwissenschaftlichen Arch\u00e4ologie in einer digitalen Wissenschafts- und F\u00f6rderlandschaft. Unsere Mitglieder sind sichtbare Ansprechpartner einer vernetzten und globalen <em>Research Community<\/em>.<\/p>\n<p style=\"font-weight: 400;\"><strong>Unsere Mission<\/strong><\/p>\n<p style=\"font-weight: 400;\">Als wissenschaftliche Fachgesellschaft vertreten wir die Arch\u00e4ometrie in Forschung und Lehre und setzen uns aktiv f\u00fcr die F\u00f6rderung der Arch\u00e4ometrie in der Wissenschafts- und F\u00f6rderlandschaft ein. Wir sind die Schnittstelle f\u00fcr den f\u00e4cher\u00fcbergreifenden Dialog zwischen naturwissenschaftlichen und kulturhistorischen F\u00e4chern, machen die Expertisen unserer Mitglieder in naturwissenschaftlicher Methodik sichtbar und vermitteln bei der L\u00f6sung arch\u00e4ologischer, kunstgeschichtlicher, konservatorischer und denkmalpflegerischer Fragestellungen. Ebenso setzen wir uns f\u00fcr die St\u00e4rkung der Sichtbarkeit von Frauen in der Arch\u00e4ometrie ein und sind Ansprechpartner f\u00fcr Forschungsf\u00f6rderungseinrichtungen, Verlage, andere Fachgesellschaften, ausl\u00e4ndische Partner und bei Fragen der akademischen Lehre.<\/p>\n<p style=\"font-weight: 400;\"><a href=\"https:\/\/www.archaeometrie.de\/home\/\">weiterlesen&#8230;<\/a><\/p>\n<p><strong>Aktuelles<\/strong><\/p>\n\n\t\t\t\t<div class=\"event-list\"><p>Zur Zeit liegt nichts vor.<\/p>\n\t\t\t\t<\/div>\n","protected":false},"excerpt":{"rendered":"<p>Was ist Arch\u00e4ometrie? Die Arch\u00e4ometrie umfasst die Entwicklung und den Einsatz naturwissenschaftlicher Methoden zur L\u00f6sung kulturhistorischer Fragestellungen. Dies erfordert die f\u00e4cher\u00fcbergreifende Mitwirkung der Biowissenschaften, Chemie, Geowissenschaften, Geographie und Physik von naturwissenschaftlicher Seite sowie der arch\u00e4ologischen Disziplinen, Kunstgeschichte, Denkmalpflege und Restaurierung von kulturhistorischer Seite. Die Arch\u00e4ometrie hat seit ihrer initialen Entstehung zu einer revolution\u00e4ren Umorientierung vor [&hellip;]<\/p>\n","protected":false},"author":1,"featured_media":0,"parent":0,"menu_order":0,"comment_status":"closed","ping_status":"open","template":"","meta":{"footnotes":""},"class_list":["post-2","page","type-page","status-publish","hentry"],"translation":{"provider":"WPGlobus","version":"3.0.2","language":"gb","enabled_languages":["de","gb"],"languages":{"de":{"title":true,"content":true,"excerpt":false},"gb":{"title":false,"content":false,"excerpt":false}}},"_links":{"self":[{"href":"https:\/\/www.archaeometrie.de\/gb\/wp-json\/wp\/v2\/pages\/2","targetHints":{"allow":["GET"]}}],"collection":[{"href":"https:\/\/www.archaeometrie.de\/gb\/wp-json\/wp\/v2\/pages"}],"about":[{"href":"https:\/\/www.archaeometrie.de\/gb\/wp-json\/wp\/v2\/types\/page"}],"author":[{"embeddable":true,"href":"https:\/\/www.archaeometrie.de\/gb\/wp-json\/wp\/v2\/users\/1"}],"replies":[{"embeddable":true,"href":"https:\/\/www.archaeometrie.de\/gb\/wp-json\/wp\/v2\/comments?post=2"}],"version-history":[{"count":69,"href":"https:\/\/www.archaeometrie.de\/gb\/wp-json\/wp\/v2\/pages\/2\/revisions"}],"predecessor-version":[{"id":1432,"href":"https:\/\/www.archaeometrie.de\/gb\/wp-json\/wp\/v2\/pages\/2\/revisions\/1432"}],"wp:attachment":[{"href":"https:\/\/www.archaeometrie.de\/gb\/wp-json\/wp\/v2\/media?parent=2"}],"curies":[{"name":"wp","href":"https:\/\/api.w.org\/{rel}","templated":true}]}}