{"id":494,"date":"2020-07-07T13:10:23","date_gmt":"2020-07-07T13:10:23","guid":{"rendered":"https:\/\/www.archaeometrie.de\/?page_id=494"},"modified":"2025-01-06T15:12:46","modified_gmt":"2025-01-06T15:12:46","slug":"historie","status":"publish","type":"page","link":"https:\/\/www.archaeometrie.de\/gb\/historie\/","title":{"rendered":"Historie"},"content":{"rendered":"<p><img loading=\"lazy\" decoding=\"async\" class=\"aligncenter size-full wp-image-385\" src=\"https:\/\/www.archaeometrie.de\/wp-content\/uploads\/2020\/07\/headerimage.jpg\" alt=\"\" width=\"1024\" height=\"188\" srcset=\"https:\/\/www.archaeometrie.de\/wp-content\/uploads\/2020\/07\/headerimage.jpg 1024w, https:\/\/www.archaeometrie.de\/wp-content\/uploads\/2020\/07\/headerimage-300x55.jpg 300w, https:\/\/www.archaeometrie.de\/wp-content\/uploads\/2020\/07\/headerimage-768x141.jpg 768w, https:\/\/www.archaeometrie.de\/wp-content\/uploads\/2020\/07\/headerimage-600x110.jpg 600w\" sizes=\"auto, (max-width: 1024px) 100vw, 1024px\" \/><\/p>\n<h3>Historie<\/h3>\n<p style=\"font-weight: 400;\">Am 28. Mai 1999 wurde im Rahmen des 3. Deutschen Arch\u00e4ologenkongresses in Heidelberg die Gesellschaft f\u00fcr Naturwissenschaftliche Arch\u00e4ologie ARCHAEOMETRIE (GNAA) gegr\u00fcndet. W\u00e4hrend der Gr\u00fcndungsversammlung wurde die Satzung der Gesellschaft verabschiedet und ein Vorstand gew\u00e4hlt. Die Satzung wurde bisher mehrfach durch jeweilige Mitgliederbeschl\u00fcsse angepasst. Die Gesellschaft wurde beim Amtsgericht Heidelberg in das Vereinsregister eingetragen (Register- Nr. 2580). Durch die anwesenden Gr\u00fcndungsmitglieder war bereits ein breiter Bereich an Forschungs- und Interessengebieten abgedeckt. Seither hat sich die Arch\u00e4ometrie zur Partnerwissenschaft der Arch\u00e4ologischen Wissenschaften, den Konservierungswissenschaften und der Denkmalpflege entwickelt.<\/p>\n<h4><strong>Historie des Vorstands:<\/strong><\/h4>\n<h5><i class=\"wp-svg-user-4 user-4\"><\/i> Vorsitzender<\/h5>\n<p style=\"padding-left: 40px;\">1999 &#8211; 2003 G\u00fcnther Wagner<br \/>\n2003 &#8211; 2011 Ernst Pernicka<br \/>\n2011 &#8211; 2014 Andreas Hauptmann<br \/>\n2014 &#8211; 2018 Ernst Pernicka<br \/>\nseit 2018 Sabine Klein<\/p>\n<h5><i class=\"wp-svg-user-4 user-4\"><\/i> 1. Stellvertretender Vorsitzender<\/h5>\n<p style=\"padding-left: 40px;\">1999 &#8211; 2003 Gerhard Eggert<br \/>\n2003 &#8211; 2011 Andreas Hauptmann<br \/>\n2011 &#8211; 2014 Katleen Deckers<br \/>\n2014 &#8211; 2018 Klaus Bente<br \/>\n2018 &#8211; 2022 Andreas Kronz<br \/>\n2021 &#8211; 2024 Johannes Tintner-Olifiers<br \/>\nSeit 2024 Thomas Rose<\/p>\n<h5><i class=\"wp-svg-user-4 user-4\"><\/i> 2. Stellvertretender Vorsitzender<\/h5>\n<p style=\"padding-left: 40px;\">1999 &#8211; 2003 R\u00fcdiger Krause<br \/>\n2003 &#8211; 2007 Hannelore R\u00f6mich<br \/>\n2007 &#8211; 2011 Daniel Richter<br \/>\n2011 &#8211; 2014 Klaus Bente<br \/>\n2014 &#8211; 2017 Katleen Deckers<br \/>\n2017 &#8211; 2018 Christoph Berthold<br \/>\nseit 2018 Ina Reiche<\/p>\n<h5><i class=\"wp-svg-user-4 user-4\"><\/i> Schriftf\u00fchrer<\/h5>\n<p style=\"padding-left: 40px;\">1999 &#8211; 2003 Ernst Pernicka<br \/>\n2003 &#8211; 2011 R\u00fcdiger Krause<br \/>\n2011 &#8211; 2014 Ernst Pernicka<br \/>\n2014 &#8211; 2018 Ina Reiche<br \/>\nseit 2018 Christoph Berthold<\/p>\n<h5><I class=\"wp-svg-user-4 user-4\"><\/I> Schatzmeister<\/h5>\n<p style=\"padding-left: 40px;\">1999 &#8211; 2003 Bernd Herrmann<br \/>\n2003 &#8211; 2011 Joachim Burger<br \/>\n2011 &#8211; 2014 Daniel Richter<br \/>\n2014 &#8211; 2018 Tatjana Gluhak<br \/>\n2019 &#8211; 2024 Dr. Sonja Behrendt<br \/>\nseit 2024 Dr. Daniel Berger<\/p>\n","protected":false},"excerpt":{"rendered":"<p>Historie Am 28. Mai 1999 wurde im Rahmen des 3. Deutschen Arch\u00e4ologenkongresses in Heidelberg die Gesellschaft f\u00fcr Naturwissenschaftliche Arch\u00e4ologie ARCHAEOMETRIE (GNAA) gegr\u00fcndet. W\u00e4hrend der Gr\u00fcndungsversammlung wurde die Satzung der Gesellschaft verabschiedet und ein Vorstand gew\u00e4hlt. Die Satzung wurde bisher mehrfach durch jeweilige Mitgliederbeschl\u00fcsse angepasst. Die Gesellschaft wurde beim Amtsgericht Heidelberg in das Vereinsregister eingetragen (Register- [&hellip;]<\/p>\n","protected":false},"author":1,"featured_media":0,"parent":0,"menu_order":0,"comment_status":"closed","ping_status":"closed","template":"","meta":{"footnotes":""},"class_list":["post-494","page","type-page","status-publish","hentry"],"translation":{"provider":"WPGlobus","version":"3.0.2","language":"gb","enabled_languages":["de","gb"],"languages":{"de":{"title":true,"content":true,"excerpt":false},"gb":{"title":false,"content":false,"excerpt":false}}},"_links":{"self":[{"href":"https:\/\/www.archaeometrie.de\/gb\/wp-json\/wp\/v2\/pages\/494","targetHints":{"allow":["GET"]}}],"collection":[{"href":"https:\/\/www.archaeometrie.de\/gb\/wp-json\/wp\/v2\/pages"}],"about":[{"href":"https:\/\/www.archaeometrie.de\/gb\/wp-json\/wp\/v2\/types\/page"}],"author":[{"embeddable":true,"href":"https:\/\/www.archaeometrie.de\/gb\/wp-json\/wp\/v2\/users\/1"}],"replies":[{"embeddable":true,"href":"https:\/\/www.archaeometrie.de\/gb\/wp-json\/wp\/v2\/comments?post=494"}],"version-history":[{"count":17,"href":"https:\/\/www.archaeometrie.de\/gb\/wp-json\/wp\/v2\/pages\/494\/revisions"}],"predecessor-version":[{"id":1434,"href":"https:\/\/www.archaeometrie.de\/gb\/wp-json\/wp\/v2\/pages\/494\/revisions\/1434"}],"wp:attachment":[{"href":"https:\/\/www.archaeometrie.de\/gb\/wp-json\/wp\/v2\/media?parent=494"}],"curies":[{"name":"wp","href":"https:\/\/api.w.org\/{rel}","templated":true}]}}