{"id":541,"date":"2020-07-07T14:00:38","date_gmt":"2020-07-07T14:00:38","guid":{"rendered":"https:\/\/www.archaeometrie.de\/?page_id=541"},"modified":"2025-01-06T15:12:04","modified_gmt":"2025-01-06T15:12:04","slug":"vorstand","status":"publish","type":"page","link":"https:\/\/www.archaeometrie.de\/gb\/vorstand\/","title":{"rendered":"Vorstand"},"content":{"rendered":"<p><img loading=\"lazy\" decoding=\"async\" class=\"aligncenter size-full wp-image-461\" src=\"https:\/\/www.archaeometrie.de\/wp-content\/uploads\/2020\/07\/headerimage-1.jpg\" alt=\"\" width=\"1024\" height=\"180\" srcset=\"https:\/\/www.archaeometrie.de\/wp-content\/uploads\/2020\/07\/headerimage-1.jpg 1024w, https:\/\/www.archaeometrie.de\/wp-content\/uploads\/2020\/07\/headerimage-1-300x53.jpg 300w, https:\/\/www.archaeometrie.de\/wp-content\/uploads\/2020\/07\/headerimage-1-768x135.jpg 768w\" sizes=\"auto, (max-width: 1024px) 100vw, 1024px\" \/><\/p>\n<h3>Vorstand<\/h3>\n<hr \/>\n<p><strong><I class=\"wp-svg-user-4 user-4\"><\/I> Vorsitzende: Prof. Dr. Sabine Klein<\/strong><\/p>\n<p style=\"padding-left: 40px;\">Deutsches Bergbau-Museum Bochum<br \/>\nAm Bergbaumuseum 31<br \/>\n44791 Bochum<\/p>\n<p style=\"padding-left: 40px;\">Tel: +49 (234) 282538-30<br \/>\nMobil: 0151-54101710<br \/>\n<strong class=\"symbol\"> <i class=\"wp-svg-mail-2 mail-2\"><\/i> <\/strong><a href=\"mailto:%56%6F%72%73%69%74%7A%65%6E%64%65%72%40archaeometrie.de\">Vorsitzende<\/a><br \/>\n<i class=\"wp-svg-link link\"><\/i>\u00a0<a href=\"http:\/\/www.bergbaumuseum.de\/\" target=\"_blank\" rel=\"noopener noreferrer\">www.bergbaumuseum.de<\/a><\/p>\n<hr \/>\n<h5><I class=\"wp-svg-user-4 user-4\"><\/I> 1. Stellvertretender Vorsitzender: Dr. Thomas Rose<\/h5>\n<p style=\"padding-left: 40px;\">Deutsches Bergbau-Museum Bochum<\/p>\n<p style=\"padding-left: 40px;\">Am Bergbaumuseum 31<\/p>\n<p style=\"padding-left: 40px;\">44791 Bochum<\/p>\n<p style=\"padding-left: 40px;\">Tel: +49 234 282538-29<\/p>\n<p style=\"padding-left: 40px;\"><strong class=\"symbol\"><i class=\"wp-svg-mail-2 mail-2\"><\/i><\/strong> <a href=\"mailto:%45%72%73%74%65%72%5F%53%74%65%6C%6C%76%65%72%74%72%65%74%65%72%40archaeometrie.de\">Erster_Stellvertreter<\/a><\/p>\n<hr \/>\n<h5><I class=\"wp-svg-user-4 user-4\"><\/I> 2. Stellvertretende Vorsitzende: Dr. habil. Ina Reiche<\/h5>\n<p style=\"padding-left: 40px;\">PSL University, ENSCP, Institut de recherche de Chimie Paris<br \/>\nUMR 8247 CNRS, PCMTH team<br \/>\nCentre de recherche et de restauration des mus\u00e9es de France<br \/>\n14 quai Francois Mitterrand<br \/>\n75001 Paris, Frankreich<\/p>\n<p style=\"padding-left: 40px;\">Tel: ++33-1-40202447<\/p>\n<p style=\"padding-left: 40px;\"><strong class=\"symbol\"> <i class=\"wp-svg-mail-2 mail-2\"><\/i><\/strong>\u00a0<a href=\"mailto:%5A%77%65%69%74%65%72%5F%53%74%65%6C%6C%76%65%72%74%72%65%74%65%72%40archaeometrie.de\">Zweiter_Stellvertreter<\/a><br \/>\n<i class=\"wp-svg-link link\"><\/i> <a href=\"https:\/\/www.ircp.cnrs.fr\/la-recherche\/equipe-pcmth\/\" target=\"_blank\" rel=\"noopener noreferrer\">https:\/\/www.ircp.cnrs.fr\/la-recherche\/equipe-pcmth\/<\/a><\/p>\n<hr \/>\n<h5><I class=\"wp-svg-user-4 user-4\"><\/I> Schriftf\u00fchrer: Dr. Christoph Berthold<\/h5>\n<p style=\"padding-left: 40px;\">Competence Center Archaeometry &#8211; Baden-Wuerttemberg (CCA-BW)<br \/>\nAngewandte Mineralogie Fachbereich Geowissenschaften<br \/>\nMathematisch-Naturwissenschaftliche Fakult\u00e4t Eberhard Karls Universit\u00e4t T\u00fcbingen<br \/>\nWilhelmstr. 56<br \/>\nD-72074 Tuebingen<\/p>\n<p style=\"padding-left: 40px;\">Tel: 49(0)7071\/2972604<br \/>\nFAX: 49(0)7071\/293060<\/p>\n<p style=\"padding-left: 40px;\"><strong class=\"symbol\"><i class=\"wp-svg-mail-2 mail-2\"><\/i><\/strong> <a href=\"mailto:%73%63%68%72%69%66%74%66%75%65%68%72%65%72%40archaeometrie.de\">Schriftf\u00fchrer<\/a><\/p>\n<hr \/>\n<h5><I class=\"wp-svg-user-4 user-4\"><\/I> Schatzmeister: Dr. Daniel Berger<\/h5>\n<div>\n<p>Curt-Engelhorn-Zentrum Arch\u00e4ometrie gGmbH<br \/>\nD6,3<br \/>\nD-68159 Mannheim<br \/>\nTel: +49 621 293 8951<\/p>\n<\/div>\n<p style=\"padding-left: 40px;\"><strong class=\"symbol\"><i class=\"wp-svg-mail-2 mail-2\"><\/i><\/strong> <a href=\"mailto:%73%63%68%61%74%7A%6D%65%69%73%74%65%72%40archaeometrie.de\">Schatzmeister<\/a><\/p>\n<hr \/>\n<h5><I class=\"wp-svg-home home\"><\/I> Vereinssitz:<\/h5>\n<p style=\"padding-left: 40px;\">Heidelberg<\/p>\n<hr \/>\n<h5><I class=\"wp-svg-library library\"><\/I> Bankverbindung:<\/h5>\n<p style=\"padding-left: 40px;\">Sparkasse G\u00f6ttingen<br \/>\nKontonummer: 50586817<br \/>\nBLZ: 26050001<br \/>\nIBAN: DE66260500010050586817<br \/>\nBIC-\/SWIFT-Code: NOLADE21GOE<\/p>\n<p style=\"padding-left: 40px;\">Amtsgericht Heidelberg<br \/>\nRegister- Nr. 2580<\/p>\n","protected":false},"excerpt":{"rendered":"<p>Vorstand Vorsitzende: Prof. Dr. Sabine Klein Deutsches Bergbau-Museum Bochum Am Bergbaumuseum 31 44791 Bochum Tel: +49 (234) 282538-30 Mobil: 0151-54101710 Vorsitzende \u00a0www.bergbaumuseum.de 1. Stellvertretender Vorsitzender: Dr. Thomas Rose Deutsches Bergbau-Museum Bochum Am Bergbaumuseum 31 44791 Bochum Tel: +49 234 282538-29 Erster_Stellvertreter 2. Stellvertretende Vorsitzende: Dr. habil. Ina Reiche PSL University, ENSCP, Institut de recherche de [&hellip;]<\/p>\n","protected":false},"author":1,"featured_media":0,"parent":0,"menu_order":0,"comment_status":"closed","ping_status":"closed","template":"","meta":{"footnotes":""},"class_list":["post-541","page","type-page","status-publish","hentry"],"translation":{"provider":"WPGlobus","version":"3.0.2","language":"gb","enabled_languages":["de","gb"],"languages":{"de":{"title":true,"content":true,"excerpt":false},"gb":{"title":false,"content":false,"excerpt":false}}},"_links":{"self":[{"href":"https:\/\/www.archaeometrie.de\/gb\/wp-json\/wp\/v2\/pages\/541","targetHints":{"allow":["GET"]}}],"collection":[{"href":"https:\/\/www.archaeometrie.de\/gb\/wp-json\/wp\/v2\/pages"}],"about":[{"href":"https:\/\/www.archaeometrie.de\/gb\/wp-json\/wp\/v2\/types\/page"}],"author":[{"embeddable":true,"href":"https:\/\/www.archaeometrie.de\/gb\/wp-json\/wp\/v2\/users\/1"}],"replies":[{"embeddable":true,"href":"https:\/\/www.archaeometrie.de\/gb\/wp-json\/wp\/v2\/comments?post=541"}],"version-history":[{"count":30,"href":"https:\/\/www.archaeometrie.de\/gb\/wp-json\/wp\/v2\/pages\/541\/revisions"}],"predecessor-version":[{"id":1433,"href":"https:\/\/www.archaeometrie.de\/gb\/wp-json\/wp\/v2\/pages\/541\/revisions\/1433"}],"wp:attachment":[{"href":"https:\/\/www.archaeometrie.de\/gb\/wp-json\/wp\/v2\/media?parent=541"}],"curies":[{"name":"wp","href":"https:\/\/api.w.org\/{rel}","templated":true}]}}