{"id":593,"date":"2020-07-07T15:38:41","date_gmt":"2020-07-07T15:38:41","guid":{"rendered":"https:\/\/www.archaeometrie.de\/?page_id=593"},"modified":"2026-02-18T10:54:19","modified_gmt":"2026-02-18T10:54:19","slug":"mitgliedschaftzeitschriften","status":"publish","type":"page","link":"https:\/\/www.archaeometrie.de\/gb\/mitgliedschaftzeitschriften\/","title":{"rendered":"Mitgliedschaft|Zeitschriften"},"content":{"rendered":"<p><img loading=\"lazy\" decoding=\"async\" class=\"aligncenter size-full wp-image-385\" src=\"https:\/\/www.archaeometrie.de\/wp-content\/uploads\/2020\/07\/headerimage.jpg\" alt=\"\" width=\"1024\" height=\"188\" srcset=\"https:\/\/www.archaeometrie.de\/wp-content\/uploads\/2020\/07\/headerimage.jpg 1024w, https:\/\/www.archaeometrie.de\/wp-content\/uploads\/2020\/07\/headerimage-300x55.jpg 300w, https:\/\/www.archaeometrie.de\/wp-content\/uploads\/2020\/07\/headerimage-768x141.jpg 768w, https:\/\/www.archaeometrie.de\/wp-content\/uploads\/2020\/07\/headerimage-600x110.jpg 600w\" sizes=\"auto, (max-width: 1024px) 100vw, 1024px\" \/><\/p>\n<hr \/>\n<p>Als besonderen Service bietet die <em>GNAA<\/em> ihren Mitgliedern den Bezug der angesehenen Fachzeitschriften <em>Archaeometry<\/em> und <em>Archaeological and Anthropological Sciences<\/em> zu g\u00fcnstigen Konditionen an. Beide Zeitschriften werden auch in Zusammenarbeit mit der <em>GNAA<\/em> herausgegeben und Mitglieder der <em>GNAA<\/em> werden ermutigt Manuskripte bei diesen Zeitschriften einzureichen. Informationen zu den verschiedenen M\u00f6glichkeiten der Mitgliedschaft mit\/ohne Abonnement einer\/mehrere Zeitschriften entnehmen Sie bitte der Tabelle Mitgliedsbeitr\u00e4ge unten.<\/p>\n<hr \/>\n<p><a href=\"https:\/\/www.springer.com\/journal\/12520\" target=\"_blank\" rel=\"noopener noreferrer\"><img loading=\"lazy\" decoding=\"async\" class=\"size-full wp-image-598 alignleft\" src=\"https:\/\/www.archaeometrie.de\/wp-content\/uploads\/2020\/07\/magazin.jpg\" alt=\"\" width=\"145\" height=\"201\" \/><\/a><strong>Archaeological and Anthropological Sciences (AAS)\u00a0<\/strong><\/p>\n<p style=\"text-align: justify;\">berichtet \u00fcber die Anwendung naturwissenschaftlicher Methoden f\u00fcr arch\u00e4ologische Fragestellungen in der ganzen Breite der Disziplinen und verbindet Naturwissenschaftler mit Arch\u00e4ologen.<br \/>\nVerwandte Disziplinen sind: Arch\u00e4ologie, Geologie, Geophysik, Geoarch\u00e4ologie, Geochronologie, Pal\u00e4ontologie, Arch\u00e4ozoologie und Arch\u00e4obotanik, Genetik und andere Biomolek\u00fcle, Materialanalysen und Restaurierung \/ Konservierung.<\/p>\n<p style=\"text-align: justify;\"><em>AAS<\/em> erscheint mit 4 Ausgaben pro Jahr als Print und\/oder Online.<\/p>\n<hr \/>\n<p><a href=\"https:\/\/www.wiley.com\/en-gb\/Archaeometry-p-9780JRNL57862\" target=\"_blank\" rel=\"noopener noreferrer\"><img loading=\"lazy\" decoding=\"async\" class=\"wp-image-599 size-full alignleft\" src=\"https:\/\/www.archaeometrie.de\/wp-content\/uploads\/2020\/07\/archaeometry.jpg\" alt=\"\" width=\"131\" height=\"201\" \/><\/a><strong><em>Archaeometry<\/em><\/strong><\/p>\n<p style=\"text-align: justify;\">ist eine internationale wissenschaftliche Zeitschrift \u00fcber die Anwendung und Entwicklung von physikalischen und biologischen Wissenschaften zu arch\u00e4ologischen und kunsthistorischen Fragestellungen.<br \/>\nThemenbereiche sind Datierungsmethoden, Materialstudien, mathematische Modelle, Fernerkundung, Restaurierung \/ Konservierung, Umweltrekonstruktion, Pal\u00e4oanthropologie \/ biologische Anthropologie und theoretische Arch\u00e4ologie.<br \/>\nBeitr\u00e4ge sollen klar definierte arch\u00e4ologische oder kunsthistorische Papers Fragestellungen auf h\u00f6chstem wissenschaftlichem Niveau nachgehen, und Ergebnisse von internationaler Relevanz pr\u00e4sentieren.<\/p>\n<p><em>Archaeometry<\/em> erscheint mit 6 Ausgaben pro Jahr als Print und Online.<\/p>\n<hr \/>\n<p><strong>Allgemeine Fragen bzgl. der Abonnements richten Sie bitte per email an:<\/strong><\/p>\n<p><strong class=\"symbol\"><i class=\"wp-svg-mail-2 mail-2\"><\/i>\u00a0<\/strong> <a href=\"mailto:%73%63%68%72%69%66%74%66%75%65%68%72%65%72%40archaeometrie.de\">schriftfuehrer<\/a><\/p>\n<p><strong>Spezifisch zu den Zeitschriften bitte per email an:<\/strong><\/p>\n<p><strong class=\"symbol\"><i class=\"wp-svg-mail-2 mail-2\"><\/i><\/strong> <a href=\"mailto:%41%41%53%40archaeometrie.de\">AAS<\/a> oder<br \/>\n<strong class=\"symbol\"><i class=\"wp-svg-mail-2 mail-2\"><\/i><\/strong> <a href=\"mailto:%41%72%63%68%61%65%6F%6D%65%74%72%79%40archaeometrie.de\">Archaeometry<\/a><\/p>\n<p class=\"strong\"><a name=\"aufnahme\"><\/a><strong>Aufnahmeantrag<\/strong><\/p>\n<p>Um Mitglied in der GNAA zu werden f\u00fcllen Sie bitte diese Formulars aus, und senden sie per Post,<br \/>\nFax oder email an den Vorstand:<\/p>\n<p><i class=\"wp-svg-file-word file-word\"><\/i>\u00a0<a href=\"https:\/\/www.archaeometrie.de\/wp-content\/uploads\/2024\/10\/Aufnahmeantrag-GNAA_2024.pdf\" target=\"_blank\" rel=\"noopener noreferrer\">Aufnahmeantrag GNAA<\/a><br \/>\n<I class=\"wp-svg-file-pdf file-pdf\"><\/I> <a href=\"https:\/\/www.archaeometrie.de\/wp-content\/uploads\/2020\/12\/DSGVO-2016_679_Auszug.pdf\" target=\"_blank\" rel=\"noopener noreferrer\">DSGVO 2016 679 Auszug<\/a><\/p>\n<p><strong class=\"symbol\"><i class=\"wp-svg-mail-2 mail-2\"><\/i><\/strong> <a href=\"mailto:%76%6F%72%73%74%61%6E%64%40archaeometrie.de\">Vorstand<\/a><\/p>\n<p><strong>Bei Fragen wenden Sie sich bitte per email an:<\/strong><br \/>\n<strong class=\"symbol\"><i class=\"wp-svg-mail-2 mail-2\"><\/i><\/strong> <a href=\"mailto:%47%4E%41%41%5F%69%6E%66%6F%40archaeometrie.de\">GNAA_info<\/a><\/p>\n<p>Sie haben die M\u00f6glichkeit einfaches Mitglied zu werden (Spalte 1), zus\u00e4tzlich Archaeometry (Spalte 2), Archaeological and Anthropological Sciences (Spalte 3 oder 4) oder beide Zeitschriften (Spalte 5) zu abonnieren.<\/p>\n<p><strong>Mitgliedsbeitr\u00e4ge gem\u00e4\u00df Beschluss G\u00f6ttingen 2016 (g\u00fcltig ab 2017)<\/strong><\/p>\n<p><img loading=\"lazy\" decoding=\"async\" class=\"alignleft size-full wp-image-631\" src=\"https:\/\/www.archaeometrie.de\/wp-content\/uploads\/2020\/07\/mitgliedsbeitrag2017.jpg\" alt=\"\" width=\"681\" height=\"284\" srcset=\"https:\/\/www.archaeometrie.de\/wp-content\/uploads\/2020\/07\/mitgliedsbeitrag2017.jpg 681w, https:\/\/www.archaeometrie.de\/wp-content\/uploads\/2020\/07\/mitgliedsbeitrag2017-300x125.jpg 300w\" sizes=\"auto, (max-width: 681px) 100vw, 681px\" \/><br \/>\n<a name=\"beitrag\"><\/a><span style=\"color: #ffffff;\"><strong>Mitgliedsbeitr\u00e4ge gem\u00e4\u00df Beschluss G\u00f6ttingen 2016 (g\u00fcltig ab 2017)<\/strong><\/span><\/p>\n","protected":false},"excerpt":{"rendered":"<p>Als besonderen Service bietet die GNAA ihren Mitgliedern den Bezug der angesehenen Fachzeitschriften Archaeometry und Archaeological and Anthropological Sciences zu g\u00fcnstigen Konditionen an. Beide Zeitschriften werden auch in Zusammenarbeit mit der GNAA herausgegeben und Mitglieder der GNAA werden ermutigt Manuskripte bei diesen Zeitschriften einzureichen. Informationen zu den verschiedenen M\u00f6glichkeiten der Mitgliedschaft mit\/ohne Abonnement einer\/mehrere Zeitschriften [&hellip;]<\/p>\n","protected":false},"author":1,"featured_media":0,"parent":0,"menu_order":0,"comment_status":"closed","ping_status":"closed","template":"","meta":{"footnotes":""},"class_list":["post-593","page","type-page","status-publish","hentry"],"translation":{"provider":"WPGlobus","version":"3.0.2","language":"gb","enabled_languages":["de","gb"],"languages":{"de":{"title":true,"content":true,"excerpt":false},"gb":{"title":false,"content":false,"excerpt":false}}},"_links":{"self":[{"href":"https:\/\/www.archaeometrie.de\/gb\/wp-json\/wp\/v2\/pages\/593","targetHints":{"allow":["GET"]}}],"collection":[{"href":"https:\/\/www.archaeometrie.de\/gb\/wp-json\/wp\/v2\/pages"}],"about":[{"href":"https:\/\/www.archaeometrie.de\/gb\/wp-json\/wp\/v2\/types\/page"}],"author":[{"embeddable":true,"href":"https:\/\/www.archaeometrie.de\/gb\/wp-json\/wp\/v2\/users\/1"}],"replies":[{"embeddable":true,"href":"https:\/\/www.archaeometrie.de\/gb\/wp-json\/wp\/v2\/comments?post=593"}],"version-history":[{"count":43,"href":"https:\/\/www.archaeometrie.de\/gb\/wp-json\/wp\/v2\/pages\/593\/revisions"}],"predecessor-version":[{"id":1497,"href":"https:\/\/www.archaeometrie.de\/gb\/wp-json\/wp\/v2\/pages\/593\/revisions\/1497"}],"wp:attachment":[{"href":"https:\/\/www.archaeometrie.de\/gb\/wp-json\/wp\/v2\/media?parent=593"}],"curies":[{"name":"wp","href":"https:\/\/api.w.org\/{rel}","templated":true}]}}