{"id":731,"date":"2020-07-08T16:27:12","date_gmt":"2020-07-08T16:27:12","guid":{"rendered":"https:\/\/www.archaeometrie.de\/?page_id=731"},"modified":"2025-01-06T15:05:02","modified_gmt":"2025-01-06T15:05:02","slug":"archaeometrie-zentren","status":"publish","type":"page","link":"https:\/\/www.archaeometrie.de\/gb\/archaeometrie-zentren\/","title":{"rendered":"Arch\u00e4ometrie-Zentren"},"content":{"rendered":"<p><img loading=\"lazy\" decoding=\"async\" class=\"aligncenter size-full wp-image-385\" src=\"https:\/\/www.archaeometrie.de\/wp-content\/uploads\/2020\/07\/headerimage.jpg\" alt=\"\" width=\"1024\" height=\"188\" srcset=\"https:\/\/www.archaeometrie.de\/wp-content\/uploads\/2020\/07\/headerimage.jpg 1024w, https:\/\/www.archaeometrie.de\/wp-content\/uploads\/2020\/07\/headerimage-300x55.jpg 300w, https:\/\/www.archaeometrie.de\/wp-content\/uploads\/2020\/07\/headerimage-768x141.jpg 768w, https:\/\/www.archaeometrie.de\/wp-content\/uploads\/2020\/07\/headerimage-600x110.jpg 600w\" sizes=\"auto, (max-width: 1024px) 100vw, 1024px\" \/><\/p>\n<h3><strong>Arch\u00e4ometrie-Zentren<\/strong><\/h3>\n<p>\u00a0<\/p>\n<ul>\n<li><strong>Curt-Engelhorn-Zentrum Arch\u00e4omtrie, Mannheim<\/strong><br \/><I class=\"wp-svg-link link\"><\/I> <a class=\"moz-txt-link-abbreviated\" style=\"font-family: Consolas, Monaco, monospace;\" href=\"http:\/\/www.ceza.de\/\" target=\"_blank\" rel=\"noopener\">www.ceza.de<\/a><\/li>\n<\/ul>\n<p>\u00a0<\/p>\n<ul>\n<li><strong>Kompetenzbereichs \u00bbNaturwissenschaftliche Arch\u00e4ologie\u00ab, R\u00f6misch-Germanisches Zentralmuseum, Leibniz-<\/strong><strong>Forschungsinstitut f\u00fcr Arch\u00e4ologie, Mainz<br \/><\/strong><i class=\"wp-svg-link link\"><\/i>\u00a0\u00a0<a href=\"http:\/\/web.rgzm.de\/no_cache\/ueber-uns\/team\/\" target=\"_blank\" rel=\"noopener noreferrer\">web.rgzm.de<\/a><\/li>\n<\/ul>\n<p>\u00a0<\/p>\n<ul>\n<li><strong>Rathgen Forschunglabor der Staatlichen Museen Preu\u00dfischer Kulturbesitz, Berlin<\/strong><br \/><i class=\"wp-svg-link link\"><\/i>\u00a0\u00a0<a href=\"http:\/\/www.smb.museum\/museen-und-einrichtungen\/rathgen-forschungslabor\/home.html\" target=\"_blank\" rel=\"noopener noreferrer\">www.smb.museum\/museen-und-einrichtungen\/rathgen-forschungslabor<\/a><\/li>\n<\/ul>\n<p>\u00a0<\/p>\n<ul>\n<li><strong>Deutsches Bergbaumuseum Bochum <\/strong><br \/><i class=\"wp-svg-link link\"><\/i>\u00a0<a href=\"http:\/\/www.bergbaumuseum.de\/de\/\" target=\"_blank\" rel=\"noopener noreferrer\">www.bergbaumuseum.de<\/a><\/li>\n<\/ul>\n<p>\u00a0<\/p>\n<ul>\n<li><strong>Competence Center Archaeometry Baden W\u00fcrttemberg (CCA-BW), T\u00fcbingen<\/strong><br \/><i class=\"wp-svg-link link\"><\/i> <a class=\"moz-txt-link-abbreviated\" style=\"font-family: Consolas, Monaco, monospace;\" href=\"http:\/\/www.cca-bw.de\/\" target=\"_blank\" rel=\"noopener\">www.cca-bw.de<\/a><\/li>\n<\/ul>\n<p>\u00a0<\/p>\n<ul>\n<li><strong>Konservierung und Restaurierung von Kulturg\u00fctern &#8211; Staatliche Akademie der K\u00fcnste Stuttgart<\/strong><br \/><i class=\"wp-svg-link link\"><\/i> <a href=\"https:\/\/www.abk-stuttgart.de\/hochschule\/einrichtungen\/institute\/insitut-fuer-konservierungswissenschaften.html\" target=\"_blank\" rel=\"noopener\">https:\/\/www.abk-stuttgart.de\/hochschule\/einrichtungen\/institute\/insitut-fuer-konservierungswissenschaften.html<\/a><\/li>\n<\/ul>\n<p>\u00a0<\/p>\n<ul>\n<li><strong>Lehrstuhl f\u00fcr Restaurierung, Kunsttechnologie und Konservierungswissenschaft TU M\u00fcnchen <\/strong><br \/><I class=\"wp-svg-link link\"><\/I>\u00a0<a href=\"https:\/\/www.arc.ed.tum.de\/rkk\/startseite\/\" target=\"_blank\" rel=\"noopener\">https:\/\/www.arc.ed.tum.de\/rkk\/startseite\/<\/a><\/li>\n<\/ul>\n<p>\u00a0<\/p>\n<ul>\n<li><strong>Doerner Institut M\u00fcnchen <\/strong><br \/><i class=\"wp-svg-link link\"><\/i>\u00a0 <a href=\"http:\/\/www.doernerinstitut.de\/de\/\" target=\"_blank\" rel=\"noopener noreferrer\">http:\/\/www.doernerinstitut.de<\/a><\/li>\n<\/ul>\n<p>\u00a0<\/p>\n<ul>\n<li><strong>VIAS- Vienna Institute for Archaeological Science, Universit\u00e4t Wien, Historisch Kulturwissenschaftliche Fakult\u00e4t<\/strong><br \/><i class=\"wp-svg-link link\"><\/i>\u00a0\u00a0<a href=\"http:\/\/vias.univie.ac.at\/\" target=\"_blank\" rel=\"noopener noreferrer\">http:\/\/vias.univie.ac.at\/<\/a><\/li>\n<\/ul>\n\n\n<p><\/p>\n","protected":false},"excerpt":{"rendered":"<p>Arch\u00e4ometrie-Zentren \u00a0 Curt-Engelhorn-Zentrum Arch\u00e4omtrie, Mannheim www.ceza.de \u00a0 Kompetenzbereichs \u00bbNaturwissenschaftliche Arch\u00e4ologie\u00ab, R\u00f6misch-Germanisches Zentralmuseum, Leibniz-Forschungsinstitut f\u00fcr Arch\u00e4ologie, Mainz\u00a0\u00a0web.rgzm.de \u00a0 Rathgen Forschunglabor der Staatlichen Museen Preu\u00dfischer Kulturbesitz, Berlin\u00a0\u00a0www.smb.museum\/museen-und-einrichtungen\/rathgen-forschungslabor \u00a0 Deutsches Bergbaumuseum Bochum \u00a0www.bergbaumuseum.de \u00a0 Competence Center Archaeometry Baden W\u00fcrttemberg (CCA-BW), T\u00fcbingen www.cca-bw.de \u00a0 Konservierung und Restaurierung von Kulturg\u00fctern &#8211; Staatliche Akademie der K\u00fcnste Stuttgart https:\/\/www.abk-stuttgart.de\/hochschule\/einrichtungen\/institute\/insitut-fuer-konservierungswissenschaften.html \u00a0 Lehrstuhl f\u00fcr [&hellip;]<\/p>\n","protected":false},"author":1,"featured_media":0,"parent":0,"menu_order":0,"comment_status":"closed","ping_status":"closed","template":"","meta":{"footnotes":""},"class_list":["post-731","page","type-page","status-publish","hentry"],"translation":{"provider":"WPGlobus","version":"3.0.2","language":"gb","enabled_languages":["de","gb"],"languages":{"de":{"title":true,"content":true,"excerpt":false},"gb":{"title":false,"content":false,"excerpt":false}}},"_links":{"self":[{"href":"https:\/\/www.archaeometrie.de\/gb\/wp-json\/wp\/v2\/pages\/731","targetHints":{"allow":["GET"]}}],"collection":[{"href":"https:\/\/www.archaeometrie.de\/gb\/wp-json\/wp\/v2\/pages"}],"about":[{"href":"https:\/\/www.archaeometrie.de\/gb\/wp-json\/wp\/v2\/types\/page"}],"author":[{"embeddable":true,"href":"https:\/\/www.archaeometrie.de\/gb\/wp-json\/wp\/v2\/users\/1"}],"replies":[{"embeddable":true,"href":"https:\/\/www.archaeometrie.de\/gb\/wp-json\/wp\/v2\/comments?post=731"}],"version-history":[{"count":7,"href":"https:\/\/www.archaeometrie.de\/gb\/wp-json\/wp\/v2\/pages\/731\/revisions"}],"predecessor-version":[{"id":1421,"href":"https:\/\/www.archaeometrie.de\/gb\/wp-json\/wp\/v2\/pages\/731\/revisions\/1421"}],"wp:attachment":[{"href":"https:\/\/www.archaeometrie.de\/gb\/wp-json\/wp\/v2\/media?parent=731"}],"curies":[{"name":"wp","href":"https:\/\/api.w.org\/{rel}","templated":true}]}}