{"id":745,"date":"2020-07-08T16:38:32","date_gmt":"2020-07-08T16:38:32","guid":{"rendered":"https:\/\/www.archaeometrie.de\/?page_id=745"},"modified":"2025-01-06T15:02:58","modified_gmt":"2025-01-06T15:02:58","slug":"stellenangebote-gesuche","status":"publish","type":"page","link":"https:\/\/www.archaeometrie.de\/gb\/stellenangebote-gesuche\/","title":{"rendered":"Stellenangebote &#038; Gesuche"},"content":{"rendered":"<p><img loading=\"lazy\" decoding=\"async\" class=\"aligncenter size-full wp-image-385\" src=\"https:\/\/www.archaeometrie.de\/wp-content\/uploads\/2020\/07\/headerimage.jpg\" alt=\"\" width=\"1024\" height=\"188\" srcset=\"https:\/\/www.archaeometrie.de\/wp-content\/uploads\/2020\/07\/headerimage.jpg 1024w, https:\/\/www.archaeometrie.de\/wp-content\/uploads\/2020\/07\/headerimage-300x55.jpg 300w, https:\/\/www.archaeometrie.de\/wp-content\/uploads\/2020\/07\/headerimage-768x141.jpg 768w, https:\/\/www.archaeometrie.de\/wp-content\/uploads\/2020\/07\/headerimage-600x110.jpg 600w\" sizes=\"auto, (max-width: 1024px) 100vw, 1024px\" \/><\/p>\n<h3>Stellenangebote mit Deadline<\/h3>\n\n\t\t\t\t<div class=\"event-list\">\n\t\t\t\t<style type=\"text\/css\">\n\t\t\t\t\t.filterbar { display:table; width:100% }\n\t\t\t\t\t.filterbar > div { display:table-cell }\n\t\t\t\t<\/style>\n\t\t\t\t<!--[if lte IE 7]>\n\t\t\t\t<style>.filterbar > div { float:left }<\/style>\n\t\t\t\t<![endif]-->\n\t\t\t\t<div class=\"filterbar subsubsub\">\n\t\t\t\t\t<div style=\"text-align:left\"><ul class=\"hlist\"><li><a href=\"https:\/\/www.archaeometrie.de\/gb\/stellenangebote-gesuche\/?date1=2026\">2026<\/a><\/li><li><a href=\"https:\/\/www.archaeometrie.de\/gb\/stellenangebote-gesuche\/?date1=2025\">2025<\/a><\/li><li><a href=\"https:\/\/www.archaeometrie.de\/gb\/stellenangebote-gesuche\/?date1=2024\">2024<\/a><\/li><li><a href=\"https:\/\/www.archaeometrie.de\/gb\/stellenangebote-gesuche\/?date1=2023\">2023<\/a><\/li><li><a href=\"https:\/\/www.archaeometrie.de\/gb\/stellenangebote-gesuche\/?date1=2022\">2022<\/a><\/li><\/ul>\n\t\t\t\t\t<\/div><\/div>\n\t\t\t\t<ul class=\"event-list-view\">\n\t\t\t \t<li class=\"event stellenangebote\">\n\t\t\t\t\t<div class=\"event-date multi-date\"><div class=\"startdate\"><div class=\"event-weekday\">Fri<\/div><div class=\"event-day\">06<\/div><div class=\"event-month\">Feb<\/div><div class=\"event-year\">2026<\/div><\/div><div class=\"enddate\"><div class=\"event-weekday\">Mon<\/div><div class=\"event-day\">02<\/div><div class=\"event-month\">Mar<\/div><div class=\"event-year\">2026<\/div><\/div><\/div>\n\t\t\t\t\t<div class=\"event-info multi-day\"><div class=\"event-title\"><h3><a href=\"https:\/\/www.archaeometrie.de\/gb\/stellenangebote-gesuche\/?event_id1=1477\">Technikerstelle Universit\u00e4t Utrecht zur Betreuung der Mikrosonde<\/a><\/h3><\/div><span class=\"event-location\">Utrecht<\/span><div class=\"event-content\"><p>An der Universit\u00e4t Utrecht ist in den Geowissenschaften eine Technikerstelle zur Betreuung der Mikrosonde, Ramanspektroskopie und Laser-ICP-MS ausgeschrieben.<\/p>\n<p>Bewerbungsschlu\u00df: 1. M\u00e4rz 2026<\/p>\n<p>Mehr Infos finden Sie hier: <a href=\"https:\/\/www.uu.nl\/en\/organisation\/working-at-utrecht-university\/jobs\/technician-electron-microprobe-confocal-raman-microscopy-and-la-icp-ms-support\" target=\"_blank\" rel=\"noopener\">Technician electron microprobe, confocal Raman microscopy, and LA-ICP-MS support<\/a><\/p>\n<\/div><\/div>\n\t\t\t\t<\/li>\n\t\t\t \t<li class=\"event stellenangebote\">\n\t\t\t\t\t<div class=\"event-date multi-date\"><div class=\"startdate\"><div class=\"event-weekday\">Sat<\/div><div class=\"event-day\">29<\/div><div class=\"event-month\">Nov<\/div><div class=\"event-year\">2025<\/div><\/div><div class=\"enddate\"><div class=\"event-weekday\">Thu<\/div><div class=\"event-day\">08<\/div><div class=\"event-month\">Jan<\/div><div class=\"event-year\">2026<\/div><\/div><\/div>\n\t\t\t\t\t<div class=\"event-info multi-day\"><div class=\"event-title\"><h3><a href=\"https:\/\/www.archaeometrie.de\/gb\/stellenangebote-gesuche\/?event_id1=1460\">Zwei Promotionsstellen im Themenfeld \u201eKritikalit\u00e4t und Ambivalenz von Georessourcen\u201c<\/a><\/h3><\/div><div class=\"event-content\"><p>Im Deutschen Bergbau-Museum Bochum (DBM), Leibniz-Forschungsmuseum f\u00fcr Georessourcen der DMT-Gesellschaft f\u00fcr Lehre und Bildung mbH, sind im Programmbereich I Grundlagenforschung zum n\u00e4chstm\u00f6glichen Zeitpunkt zwei Promotionsstellen (65% nach Haustarif entsprechend TVL 11) zu besetzen.<\/p>\n<p>Mehr Informationen unter: <a href=\"https:\/\/karriere.bergbaumuseum.de\/jobposting\/63ba821f3ff9af058640aabca407b0ea77b42a130?ref=homepage\" target=\"_blank\" rel=\"noopener\">Karriere-Bergbaumuseum.<\/a><\/p>\n<p>Bewerbung bis 07.01.2026<\/p>\n<\/div><\/div>\n\t\t\t\t<\/li><\/ul>\n\t\t\t\t<\/div>\n<h3>Stellengesuche<\/h3>\n\n\t\t\t\t<div class=\"event-list\">\n\t\t\t\t<style type=\"text\/css\">\n\t\t\t\t\t.filterbar { display:table; width:100% }\n\t\t\t\t\t.filterbar > div { display:table-cell }\n\t\t\t\t<\/style>\n\t\t\t\t<!--[if lte IE 7]>\n\t\t\t\t<style>.filterbar > div { float:left }<\/style>\n\t\t\t\t<![endif]-->\n\t\t\t\t<div class=\"filterbar subsubsub\">\n\t\t\t\t\t<div style=\"text-align:left\"><ul class=\"hlist\"><\/ul>\n\t\t\t\t\t<\/div><\/div><p>Zur Zeit liegt nichts vor.<\/p>\n\t\t\t\t<\/div>\n<h3><\/h3>\n","protected":false},"excerpt":{"rendered":"<p>Stellenangebote mit Deadline Stellengesuche<\/p>\n","protected":false},"author":1,"featured_media":0,"parent":0,"menu_order":0,"comment_status":"closed","ping_status":"closed","template":"","meta":{"footnotes":""},"class_list":["post-745","page","type-page","status-publish","hentry"],"translation":{"provider":"WPGlobus","version":"3.0.2","language":"gb","enabled_languages":["de","gb"],"languages":{"de":{"title":true,"content":true,"excerpt":false},"gb":{"title":false,"content":false,"excerpt":false}}},"_links":{"self":[{"href":"https:\/\/www.archaeometrie.de\/gb\/wp-json\/wp\/v2\/pages\/745","targetHints":{"allow":["GET"]}}],"collection":[{"href":"https:\/\/www.archaeometrie.de\/gb\/wp-json\/wp\/v2\/pages"}],"about":[{"href":"https:\/\/www.archaeometrie.de\/gb\/wp-json\/wp\/v2\/types\/page"}],"author":[{"embeddable":true,"href":"https:\/\/www.archaeometrie.de\/gb\/wp-json\/wp\/v2\/users\/1"}],"replies":[{"embeddable":true,"href":"https:\/\/www.archaeometrie.de\/gb\/wp-json\/wp\/v2\/comments?post=745"}],"version-history":[{"count":14,"href":"https:\/\/www.archaeometrie.de\/gb\/wp-json\/wp\/v2\/pages\/745\/revisions"}],"predecessor-version":[{"id":1418,"href":"https:\/\/www.archaeometrie.de\/gb\/wp-json\/wp\/v2\/pages\/745\/revisions\/1418"}],"wp:attachment":[{"href":"https:\/\/www.archaeometrie.de\/gb\/wp-json\/wp\/v2\/media?parent=745"}],"curies":[{"name":"wp","href":"https:\/\/api.w.org\/{rel}","templated":true}]}}