{"id":770,"date":"2020-07-08T16:58:39","date_gmt":"2020-07-08T16:58:39","guid":{"rendered":"https:\/\/www.archaeometrie.de\/?page_id=770"},"modified":"2025-01-06T15:06:01","modified_gmt":"2025-01-06T15:06:01","slug":"tagungsbaende-archiv","status":"publish","type":"page","link":"https:\/\/www.archaeometrie.de\/gb\/tagungsbaende-archiv\/","title":{"rendered":"Tagungsb\u00e4nde &#038; Archiv"},"content":{"rendered":"<p><img loading=\"lazy\" decoding=\"async\" class=\"aligncenter size-full wp-image-385\" src=\"https:\/\/www.archaeometrie.de\/wp-content\/uploads\/2020\/07\/headerimage.jpg\" alt=\"\" width=\"1024\" height=\"188\" srcset=\"https:\/\/www.archaeometrie.de\/wp-content\/uploads\/2020\/07\/headerimage.jpg 1024w, https:\/\/www.archaeometrie.de\/wp-content\/uploads\/2020\/07\/headerimage-300x55.jpg 300w, https:\/\/www.archaeometrie.de\/wp-content\/uploads\/2020\/07\/headerimage-768x141.jpg 768w, https:\/\/www.archaeometrie.de\/wp-content\/uploads\/2020\/07\/headerimage-600x110.jpg 600w\" sizes=\"auto, (max-width: 1024px) 100vw, 1024px\" \/><\/p>\n<hr \/>\n<p><strong>Tagungsb\u00e4nde &amp; Archiv<\/strong><\/p>\n<p style=\"padding-left: 40px;\"><I class=\"wp-svg-file-pdf file-pdf\"><\/I> <a href=\"https:\/\/www.archaeometrie.de\/wp-content\/uploads\/2022\/02\/Metalla-Sonderheft-11-Endversion-mit-Cover.pdf\">\u00a0Arch\u00e4ometrie und Denkmalpflege 17.-19. M\u00e4rz 2021, Bochum<\/a><\/p>\n<p style=\"padding-left: 40px;\"><I class=\"wp-svg-file-pdf file-pdf\"><\/I> <a href=\"https:\/\/www.archaeometrie.de\/wp-content\/uploads\/2020\/10\/Metalla_Jahrestagung_2019_Sonderheft_9.pdf\">Tagungsband &#8220;Arch\u00e4ometrie und Denkmalpflege 11.-14 September 2019, Wien&#8221;<\/a><\/p>\n<p style=\"padding-left: 40px;\"><I class=\"wp-svg-file-pdf file-pdf\"><\/I> <a href=\"https:\/\/www.archaeometrie.de\/wp-content\/uploads\/2020\/07\/AuDHamburg2018Proceedings.pdf\" target=\"_blank\" rel=\"noopener noreferrer\">Tagungsband \u201cArch\u00e4ometrie und Denkmalpflege 20.-24. M\u00e4rz 2018, Hamburg\u201d<\/a><\/p>\n<p style=\"padding-left: 40px;\"><I class=\"wp-svg-file-pdf file-pdf\"><\/I> <a href=\"https:\/\/www.archaeometrie.de\/wp-content\/uploads\/2020\/07\/Sonderheft_7_Arch\u00e4ometrie_und_Denkmalpflege_2015.pdf\" target=\"_blank\" rel=\"noopener noreferrer\">Tagungsband \u201cArch\u00e4ometrie und Denkmalpflege 25.-28. M\u00e4rz 2015, Mainz\u201d<\/a><\/p>\n<p><strong>Nachrichtenblatt<\/strong><\/p>\n<p style=\"padding-left: 40px;\">Die GNAA hat bis 2013 ein Nachrichtenblatt an ihre Mitglieder per mail verschickt.<br \/>\n<strong>Sie finden diese Nachrichtenbl\u00e4tter hier:<\/strong><\/p>\n<p style=\"padding-left: 40px;\"><I class=\"wp-svg-file-pdf file-pdf\"><\/I> <a href=\"https:\/\/www.archaeometrie.de\/wp-content\/uploads\/2020\/07\/Nachrichtenblatt2013-1.pdf\" target=\"_blank\" rel=\"noopener noreferrer\">Nachrichtenblatt 2013\/1<\/a><\/p>\n<p style=\"padding-left: 40px;\"><I class=\"wp-svg-file-pdf file-pdf\"><\/I> <a href=\"https:\/\/www.archaeometrie.de\/wp-content\/uploads\/2020\/07\/Nachrichtenblatt2012-2.pdf\" target=\"_blank\" rel=\"noopener noreferrer\">Nachrichtenblatt 2012\/2<\/a><\/p>\n<p style=\"padding-left: 40px;\"><I class=\"wp-svg-file-pdf file-pdf\"><\/I> <a href=\"https:\/\/www.archaeometrie.de\/wp-content\/uploads\/2020\/07\/ArchaeometrischesNachrichtenblatt2012-1-1.pdf\" target=\"_blank\" rel=\"noopener noreferrer\">Nachrichtenblatt 2012\/1<\/a><\/p>\n<p style=\"padding-left: 40px;\"><I class=\"wp-svg-file-pdf file-pdf\"><\/I> <a href=\"https:\/\/www.archaeometrie.de\/wp-content\/uploads\/2020\/07\/nb20111.pdf\" target=\"_blank\" rel=\"noopener noreferrer\">Nachrichtenblatt 2011\/1<\/a><\/p>\n<p style=\"padding-left: 40px;\"><I class=\"wp-svg-file-pdf file-pdf\"><\/I> <a href=\"https:\/\/www.archaeometrie.de\/wp-content\/uploads\/2020\/07\/nb20102.pdf\" target=\"_blank\" rel=\"noopener noreferrer\">Nachrichtenblatt 2010\/2<\/a><\/p>\n<p style=\"padding-left: 40px;\"><I class=\"wp-svg-file-pdf file-pdf\"><\/I> <a href=\"https:\/\/www.archaeometrie.de\/wp-content\/uploads\/2020\/07\/nb20101.pdf\" target=\"_blank\" rel=\"noopener noreferrer\">Nachrichtenblatt 2010\/1<\/a><\/p>\n<p style=\"padding-left: 40px;\"><I class=\"wp-svg-file-pdf file-pdf\"><\/I> <a href=\"https:\/\/www.archaeometrie.de\/wp-content\/uploads\/2020\/07\/nb20092.pdf\" target=\"_blank\" rel=\"noopener noreferrer\">Nachrichtenblatt 2009\/2<\/a><\/p>\n<p style=\"padding-left: 40px;\"><I class=\"wp-svg-file-pdf file-pdf\"><\/I> <a href=\"https:\/\/www.archaeometrie.de\/wp-content\/uploads\/2020\/07\/nb20091.pdf\" target=\"_blank\" rel=\"noopener noreferrer\">Nachrichtenblatt 2009\/1<\/a><\/p>\n<p style=\"padding-left: 40px;\"><I class=\"wp-svg-file-pdf file-pdf\"><\/I> <a href=\"https:\/\/www.archaeometrie.de\/wp-content\/uploads\/2020\/07\/nb20081.pdf\" target=\"_blank\" rel=\"noopener noreferrer\">Nachrichtenblatt 2008\/1<\/a><\/p>\n<p style=\"padding-left: 40px;\"><I class=\"wp-svg-file-pdf file-pdf\"><\/I> <a href=\"https:\/\/www.archaeometrie.de\/wp-content\/uploads\/2020\/07\/nb20072.pdf\" target=\"_blank\" rel=\"noopener noreferrer\">Nachrichtenblatt 2007\/2<\/a><\/p>\n<p style=\"padding-left: 40px;\"><I class=\"wp-svg-file-pdf file-pdf\"><\/I> <a href=\"https:\/\/www.archaeometrie.de\/wp-content\/uploads\/2020\/07\/nb20071.pdf\" target=\"_blank\" rel=\"noopener noreferrer\">Nachrichtenblatt 2007\/1<\/a><\/p>\n<p style=\"padding-left: 40px;\"><I class=\"wp-svg-file-pdf file-pdf\"><\/I> <a href=\"https:\/\/www.archaeometrie.de\/wp-content\/uploads\/2020\/07\/nb20062.pdf\" target=\"_blank\" rel=\"noopener noreferrer\">Nachrichtenblatt 2006\/2<\/a><\/p>\n","protected":false},"excerpt":{"rendered":"<p>Tagungsb\u00e4nde &amp; Archiv \u00a0Arch\u00e4ometrie und Denkmalpflege 17.-19. M\u00e4rz 2021, Bochum Tagungsband &#8220;Arch\u00e4ometrie und Denkmalpflege 11.-14 September 2019, Wien&#8221; Tagungsband \u201cArch\u00e4ometrie und Denkmalpflege 20.-24. M\u00e4rz 2018, Hamburg\u201d Tagungsband \u201cArch\u00e4ometrie und Denkmalpflege 25.-28. M\u00e4rz 2015, Mainz\u201d Nachrichtenblatt Die GNAA hat bis 2013 ein Nachrichtenblatt an ihre Mitglieder per mail verschickt. Sie finden diese Nachrichtenbl\u00e4tter hier: Nachrichtenblatt 2013\/1 [&hellip;]<\/p>\n","protected":false},"author":1,"featured_media":0,"parent":0,"menu_order":0,"comment_status":"closed","ping_status":"closed","template":"","meta":{"footnotes":""},"class_list":["post-770","page","type-page","status-publish","hentry"],"translation":{"provider":"WPGlobus","version":"3.0.2","language":"gb","enabled_languages":["de","gb"],"languages":{"de":{"title":true,"content":true,"excerpt":false},"gb":{"title":false,"content":false,"excerpt":false}}},"_links":{"self":[{"href":"https:\/\/www.archaeometrie.de\/gb\/wp-json\/wp\/v2\/pages\/770","targetHints":{"allow":["GET"]}}],"collection":[{"href":"https:\/\/www.archaeometrie.de\/gb\/wp-json\/wp\/v2\/pages"}],"about":[{"href":"https:\/\/www.archaeometrie.de\/gb\/wp-json\/wp\/v2\/types\/page"}],"author":[{"embeddable":true,"href":"https:\/\/www.archaeometrie.de\/gb\/wp-json\/wp\/v2\/users\/1"}],"replies":[{"embeddable":true,"href":"https:\/\/www.archaeometrie.de\/gb\/wp-json\/wp\/v2\/comments?post=770"}],"version-history":[{"count":23,"href":"https:\/\/www.archaeometrie.de\/gb\/wp-json\/wp\/v2\/pages\/770\/revisions"}],"predecessor-version":[{"id":1423,"href":"https:\/\/www.archaeometrie.de\/gb\/wp-json\/wp\/v2\/pages\/770\/revisions\/1423"}],"wp:attachment":[{"href":"https:\/\/www.archaeometrie.de\/gb\/wp-json\/wp\/v2\/media?parent=770"}],"curies":[{"name":"wp","href":"https:\/\/api.w.org\/{rel}","templated":true}]}}